{"id":17902,"date":"2025-08-04T12:27:38","date_gmt":"2025-08-04T10:27:38","guid":{"rendered":"https:\/\/vonrock.de\/shop\/uncategorized\/the-gestell-auf-36m-weiss-2-aussensaeulen-12-erweiterungen\/"},"modified":"2025-08-04T12:27:38","modified_gmt":"2025-08-04T10:27:38","slug":"the-gestell-auf-36m-weiss-2-aussensaeulen-12-erweiterungen","status":"publish","type":"product","link":"https:\/\/vonrock.de\/en\/shop\/mobiliar-en\/the-gestell-dinner-frame-en\/the-gestell-auf-36m-weiss-2-aussensaeulen-12-erweiterungen\/","title":{"rendered":"The Gestell auf 36m wei\u00df (2 Au\u00dfens\u00e4ulen &#038; 12 Erweiterungen)"},"content":{"rendered":"","protected":false},"excerpt":{"rendered":"","protected":false},"featured_media":108170,"template":"","meta":{"_acf_changed":false},"product_brand":[],"product_cat":[1020],"product_tag":[],"class_list":{"0":"post-17902","1":"product","2":"type-product","3":"status-publish","4":"has-post-thumbnail","6":"product_cat-the-gestell-dinner-frame-en","7":"location-standort-sued-en","8":"location-standort-nord-en","10":"first","11":"instock","12":"shipping-taxable","13":"purchasable","14":"product-type-rentable"},"acf":[],"_links":{"self":[{"href":"https:\/\/vonrock.de\/en\/wp-json\/wp\/v2\/product\/17902","targetHints":{"allow":["GET"]}}],"collection":[{"href":"https:\/\/vonrock.de\/en\/wp-json\/wp\/v2\/product"}],"about":[{"href":"https:\/\/vonrock.de\/en\/wp-json\/wp\/v2\/types\/product"}],"version-history":[{"count":0,"href":"https:\/\/vonrock.de\/en\/wp-json\/wp\/v2\/product\/17902\/revisions"}],"wp:featuredmedia":[{"embeddable":true,"href":"https:\/\/vonrock.de\/en\/wp-json\/wp\/v2\/media\/108170"}],"wp:attachment":[{"href":"https:\/\/vonrock.de\/en\/wp-json\/wp\/v2\/media?parent=17902"}],"wp:term":[{"taxonomy":"product_brand","embeddable":true,"href":"https:\/\/vonrock.de\/en\/wp-json\/wp\/v2\/product_brand?post=17902"},{"taxonomy":"product_cat","embeddable":true,"href":"https:\/\/vonrock.de\/en\/wp-json\/wp\/v2\/product_cat?post=17902"},{"taxonomy":"product_tag","embeddable":true,"href":"https:\/\/vonrock.de\/en\/wp-json\/wp\/v2\/product_tag?post=17902"}],"curies":[{"name":"wp","href":"https:\/\/api.w.org\/{rel}","templated":true}]}}