{"id":17927,"date":"2025-07-31T15:48:02","date_gmt":"2025-07-31T13:48:02","guid":{"rendered":"https:\/\/vonrock.de\/shop\/uncategorized\/fotospiegel-mit-barockrahmen-photobooth-mit-sofortausdruck-flatrate\/"},"modified":"2026-01-09T17:57:19","modified_gmt":"2026-01-09T16:57:19","slug":"fotospiegel-mit-barockrahmen-photobooth-mit-sofortausdruck-flatrate","status":"publish","type":"product","link":"https:\/\/vonrock.de\/en\/shop\/fotobox-en\/fotospiegel-fotobox-en\/fotospiegel-mit-barockrahmen-photobooth-mit-sofortausdruck-flatrate\/","title":{"rendered":"Fotospiegel mit Barockrahmen Photobooth mit Sofortausdruck Flatrate"},"content":{"rendered":"<p><strong>Luxuri\u00f6ses Selfie-Erlebnis: Fotospiegel mit Barockrahmen Photobooth mieten<\/strong><\/p>\n<p>Miete den Fotospiegel mit Barockrahmen Photobooth mit Sofortausdruck Flatrate und verwandle Dein Event in ein interaktives Highlight voller Eleganz. Deine G\u00e4ste k\u00f6nnen sich vor dem stilvollen Barockrahmen fotografieren, kreative Posen einnehmen und ihre Bilder dank der Sofortausdruck-Flatrate direkt als hochwertige Erinnerung mit nach Hause nehmen.<\/p>\n<p>Der Fotospiegel verbindet modernste Technik mit klassischem Design: Animierte Touchscreen-Funktionen, personalisierte Layouts und professionelle Druckqualit\u00e4t sorgen daf\u00fcr, dass jeder Moment perfekt eingefangen wird. Miete den Fotospiegel mit Barockrahmen, um Deinen G\u00e4sten ein unvergessliches Erlebnis zu bieten, das Spa\u00df, Interaktion und hochwertige Erinnerungen in einem eleganten Rahmen vereint.<\/p>\n<p>Ideal f\u00fcr Hochzeiten, Firmenfeiern, Galas oder Geburtstagsfeste in S\u00fcddeutschland, der Schweiz und \u00d6sterreich \u2013 mit der Fotospiegel-Photobooth wird Dein Event zum stilvollen Highlight. Miete diese Photobooth mit Sofortausdruck Flatrate und sorge daf\u00fcr, dass jeder Moment kreativ, professionell und sofort festgehalten wird. So hinterl\u00e4sst Dein Event bei Deinen G\u00e4sten bleibende Erinnerungen voller Freude, Glamour und Eleganz.<\/p>\n","protected":false},"excerpt":{"rendered":"<p><strong>Fotospiegel mit Barockrahmen Photobooth mieten<\/strong><\/p>\n<p>Miete den Fotospiegel mit Barockrahmen Photobooth mit Sofortausdruck Flatrate und erm\u00f6gliche Deinen G\u00e4sten elegante Selfies mit sofortigem Ausdruck. Perfekt f\u00fcr Hochzeiten, Firmenfeiern oder Geburtstagsfeste in S\u00fcddeutschland, der Schweiz und \u00d6sterreich \u2013 Spa\u00df, Interaktion und hochwertige Erinnerungen inklusive.<\/p>\n","protected":false},"featured_media":107260,"template":"","meta":{"_acf_changed":false},"product_brand":[],"product_cat":[1047],"product_tag":[],"class_list":{"0":"post-17927","1":"product","2":"type-product","3":"status-publish","4":"has-post-thumbnail","6":"product_cat-fotospiegel-fotobox-en","7":"location-standort-sued-en","9":"first","10":"instock","11":"shipping-taxable","12":"purchasable","13":"product-type-rentable"},"acf":[],"_links":{"self":[{"href":"https:\/\/vonrock.de\/en\/wp-json\/wp\/v2\/product\/17927","targetHints":{"allow":["GET"]}}],"collection":[{"href":"https:\/\/vonrock.de\/en\/wp-json\/wp\/v2\/product"}],"about":[{"href":"https:\/\/vonrock.de\/en\/wp-json\/wp\/v2\/types\/product"}],"version-history":[{"count":2,"href":"https:\/\/vonrock.de\/en\/wp-json\/wp\/v2\/product\/17927\/revisions"}],"predecessor-version":[{"id":105209,"href":"https:\/\/vonrock.de\/en\/wp-json\/wp\/v2\/product\/17927\/revisions\/105209"}],"wp:featuredmedia":[{"embeddable":true,"href":"https:\/\/vonrock.de\/en\/wp-json\/wp\/v2\/media\/107260"}],"wp:attachment":[{"href":"https:\/\/vonrock.de\/en\/wp-json\/wp\/v2\/media?parent=17927"}],"wp:term":[{"taxonomy":"product_brand","embeddable":true,"href":"https:\/\/vonrock.de\/en\/wp-json\/wp\/v2\/product_brand?post=17927"},{"taxonomy":"product_cat","embeddable":true,"href":"https:\/\/vonrock.de\/en\/wp-json\/wp\/v2\/product_cat?post=17927"},{"taxonomy":"product_tag","embeddable":true,"href":"https:\/\/vonrock.de\/en\/wp-json\/wp\/v2\/product_tag?post=17927"}],"curies":[{"name":"wp","href":"https:\/\/api.w.org\/{rel}","templated":true}]}}