{"id":17928,"date":"2025-07-31T15:48:02","date_gmt":"2025-07-31T13:48:02","guid":{"rendered":"https:\/\/vonrock.de\/shop\/uncategorized\/360-photobooth-slow-motion-video-booth\/"},"modified":"2026-01-09T17:49:05","modified_gmt":"2026-01-09T16:49:05","slug":"360-photobooth-slow-motion-video-booth","status":"publish","type":"product","link":"https:\/\/vonrock.de\/en\/shop\/fotobox-en\/360-videobooth-en\/360-photobooth-slow-motion-video-booth\/","title":{"rendered":"360\u00b0 Photobooth Slow Motion Video Booth"},"content":{"rendered":"<p><strong>Unvergessliche Momente aus allen Perspektiven: 360\u00b0 Photobooth Slow Motion Video Booth mieten<\/strong><\/p>\n<p>Miete jetzt die 360\u00b0 Photobooth Slow Motion Video Booth und verwandle Dein Event in ein interaktives Highlight. Deine G\u00e4ste k\u00f6nnen spektakul\u00e4re Videos aus allen Blickwinkeln aufnehmen, w\u00e4hrend die Slow-Motion-Funktion jede Bewegung eindrucksvoll einf\u00e4ngt. Mit der Booth lassen sich lustige Gesten, kreative Posen und beeindruckende Tanz-Moves professionell festhalten \u2013 ein Erlebnis, das Du f\u00fcr Hochzeiten, Firmenfeiern, Galas, Geburtstagsfeiern oder Partys in S\u00fcddeutschland, der Schweiz und \u00d6sterreich mieten kannst.<\/p>\n<p>Die Bedienung der Booth ist kinderleicht, sodass Deine G\u00e4ste im Handumdrehen ihre eigenen filmreifen Clips erstellen k\u00f6nnen. Miete die Photobooth und biete Deinen G\u00e4sten die M\u00f6glichkeit, einmalige Momente aus jedem Winkel festzuhalten. Ob einzeln oder in Gruppen, die Booth sorgt f\u00fcr Spa\u00df, Interaktion und Erinnerungen, die sofort geteilt oder dauerhaft gespeichert werden k\u00f6nnen.<\/p>\n<p>Miete die 360\u00b0 Photobooth Slow Motion Video Booth, um Deinem Event ein einzigartiges Highlight zu verleihen, das allen G\u00e4sten im Ged\u00e4chtnis bleibt. Mit diesem besonderen Erlebnis kannst Du sicherstellen, dass Dein Event nicht nur optisch, sondern auch emotional unvergesslich wird \u2013 perfekt f\u00fcr jede Feier, die Du stilvoll und modern gestalten m\u00f6chtest.<\/p>\n","protected":false},"excerpt":{"rendered":"<p><strong>Action in allen Perspektiven: 360\u00b0 Photobooth Slow Motion Video Booth mieten<\/strong><\/p>\n<p>Mach Dein Event unvergesslich mit der 360\u00b0 Photobooth Slow Motion Video Booth. Hier k\u00f6nnen Deine G\u00e4ste spektakul\u00e4re, slow-motion Videos aus allen Blickwinkeln aufnehmen und so einzigartige Momente einfangen, die sofort geteilt oder als Erinnerung behalten werden k\u00f6nnen. Die Booth sorgt f\u00fcr Spa\u00df, Interaktion und unvergessliche Highlights auf Hochzeiten, Firmenfeiern, Galas oder Partys in S\u00fcddeutschland, der Schweiz und \u00d6sterreich.<\/p>\n<p>Dank modernster Technik erm\u00f6glicht die 360\u00b0 Booth Videos in professioneller Qualit\u00e4t, w\u00e4hrend die Slow-Motion-Funktion jeden Move eindrucksvoll einf\u00e4ngt. Ob coole Tanz-Moves, witzige Gesten oder kreative Posen \u2013 Deine G\u00e4ste erleben ein interaktives Erlebnis, das jedem Event eine besondere, aufregende Note verleiht. Miete die 360\u00b0 Photobooth Slow Motion Video Booth und sorge f\u00fcr einzigartige, filmreife Erinnerungen, die Deine G\u00e4ste noch lange begeistern werden.<\/p>\n","protected":false},"featured_media":107255,"template":"","meta":{"_acf_changed":false},"product_brand":[],"product_cat":[1048],"product_tag":[],"class_list":{"0":"post-17928","1":"product","2":"type-product","3":"status-publish","4":"has-post-thumbnail","6":"product_cat-360-videobooth-en","7":"location-standort-sued-en","9":"first","10":"instock","11":"shipping-taxable","12":"purchasable","13":"product-type-rentable"},"acf":[],"_links":{"self":[{"href":"https:\/\/vonrock.de\/en\/wp-json\/wp\/v2\/product\/17928","targetHints":{"allow":["GET"]}}],"collection":[{"href":"https:\/\/vonrock.de\/en\/wp-json\/wp\/v2\/product"}],"about":[{"href":"https:\/\/vonrock.de\/en\/wp-json\/wp\/v2\/types\/product"}],"version-history":[{"count":2,"href":"https:\/\/vonrock.de\/en\/wp-json\/wp\/v2\/product\/17928\/revisions"}],"predecessor-version":[{"id":105178,"href":"https:\/\/vonrock.de\/en\/wp-json\/wp\/v2\/product\/17928\/revisions\/105178"}],"wp:featuredmedia":[{"embeddable":true,"href":"https:\/\/vonrock.de\/en\/wp-json\/wp\/v2\/media\/107255"}],"wp:attachment":[{"href":"https:\/\/vonrock.de\/en\/wp-json\/wp\/v2\/media?parent=17928"}],"wp:term":[{"taxonomy":"product_brand","embeddable":true,"href":"https:\/\/vonrock.de\/en\/wp-json\/wp\/v2\/product_brand?post=17928"},{"taxonomy":"product_cat","embeddable":true,"href":"https:\/\/vonrock.de\/en\/wp-json\/wp\/v2\/product_cat?post=17928"},{"taxonomy":"product_tag","embeddable":true,"href":"https:\/\/vonrock.de\/en\/wp-json\/wp\/v2\/product_tag?post=17928"}],"curies":[{"name":"wp","href":"https:\/\/api.w.org\/{rel}","templated":true}]}}