{"id":17935,"date":"2025-07-31T15:48:01","date_gmt":"2025-07-31T13:48:01","guid":{"rendered":"https:\/\/vonrock.de\/shop\/uncategorized\/escort-wall-in-macchiato-beige-300x220cm-2\/"},"modified":"2026-02-28T17:48:48","modified_gmt":"2026-02-28T16:48:48","slug":"escort-wall-in-macchiato-beige-300x220cm-2","status":"publish","type":"product","link":"https:\/\/vonrock.de\/en\/shop\/escort-wall-champagnerwaende-en\/escort-wall-in-macchiato-beige-300x220cm-2\/","title":{"rendered":"Escort Wall in macchiato beige 300x220cm"},"content":{"rendered":"","protected":false},"excerpt":{"rendered":"<p><strong>Geschlossene Variante, ideal als Welcome-Board oder Sitzplan.<\/strong><\/p>\n<p>Beschriftungen k\u00f6nnen vom Kunden angebracht werden und sind nach der Anmietung bitte r\u00fcckstandslos zu entfernen. Bei Besch\u00e4digungen behalten wir uns vor, die Kosten f\u00fcr eine notwendige Neulackierung in Rechnung zu stellen.<\/p>\n<p>\u00a0<\/p>\n<p>3 Elemente mit je 100cm Breite = 300cm Breit und 220cm H\u00f6he.<\/p>\n<p>Je 2 seitliche Elemente f\u00fcr einen sicheren Stand mit je 120cm Breite und 220cm H\u00f6he.<\/p>\n<p>\u00a0<\/p>\n<p><em>*Lieferung und Installation durch vonRock erforderlich.<\/em><\/p>\n","protected":false},"featured_media":110878,"template":"","meta":{"_acf_changed":false},"product_brand":[],"product_cat":[1031],"product_tag":[],"class_list":{"0":"post-17935","1":"product","2":"type-product","3":"status-publish","4":"has-post-thumbnail","6":"product_cat-escort-wall-champagnerwaende-en","7":"location-standort-nord-en","9":"first","10":"instock","11":"shipping-taxable","12":"purchasable","13":"product-type-rentable"},"acf":[],"_links":{"self":[{"href":"https:\/\/vonrock.de\/en\/wp-json\/wp\/v2\/product\/17935","targetHints":{"allow":["GET"]}}],"collection":[{"href":"https:\/\/vonrock.de\/en\/wp-json\/wp\/v2\/product"}],"about":[{"href":"https:\/\/vonrock.de\/en\/wp-json\/wp\/v2\/types\/product"}],"version-history":[{"count":1,"href":"https:\/\/vonrock.de\/en\/wp-json\/wp\/v2\/product\/17935\/revisions"}],"predecessor-version":[{"id":110879,"href":"https:\/\/vonrock.de\/en\/wp-json\/wp\/v2\/product\/17935\/revisions\/110879"}],"wp:featuredmedia":[{"embeddable":true,"href":"https:\/\/vonrock.de\/en\/wp-json\/wp\/v2\/media\/110878"}],"wp:attachment":[{"href":"https:\/\/vonrock.de\/en\/wp-json\/wp\/v2\/media?parent=17935"}],"wp:term":[{"taxonomy":"product_brand","embeddable":true,"href":"https:\/\/vonrock.de\/en\/wp-json\/wp\/v2\/product_brand?post=17935"},{"taxonomy":"product_cat","embeddable":true,"href":"https:\/\/vonrock.de\/en\/wp-json\/wp\/v2\/product_cat?post=17935"},{"taxonomy":"product_tag","embeddable":true,"href":"https:\/\/vonrock.de\/en\/wp-json\/wp\/v2\/product_tag?post=17935"}],"curies":[{"name":"wp","href":"https:\/\/api.w.org\/{rel}","templated":true}]}}