{"id":17937,"date":"2025-07-31T15:48:01","date_gmt":"2025-07-31T13:48:01","guid":{"rendered":"https:\/\/vonrock.de\/shop\/uncategorized\/fotobox-mit-sofortausdruck\/"},"modified":"2026-01-09T17:49:03","modified_gmt":"2026-01-09T16:49:03","slug":"fotobox-mit-sofortausdruck","status":"publish","type":"product","link":"https:\/\/vonrock.de\/en\/shop\/fotobox-en\/fotospiegel-fotobox-en\/fotobox-mit-sofortausdruck\/","title":{"rendered":"Fotobox mit Sofortausdruck"},"content":{"rendered":"<p><strong>Interaktive Highlights f\u00fcr Dein Event: Fotobox mit Sofortausdruck mieten<\/strong><\/p>\n<p>Miete die Fotobox mit Sofortausdruck und biete Deinen G\u00e4sten ein interaktives Erlebnis, das f\u00fcr jede Menge Spa\u00df und unvergessliche Erinnerungen sorgt. Ob Hochzeiten, Firmenfeiern, Geburtstagsfeste oder Galas in S\u00fcddeutschland, der Schweiz und \u00d6sterreich \u2013 die Fotobox ist ein absolutes Highlight, das Deine G\u00e4ste begeistert und Dein Event stilvoll erg\u00e4nzt.<\/p>\n<p>Die Bedienung ist kinderleicht: Deine G\u00e4ste treten vor die Fotobox, w\u00e4hlen ihr Layout aus und k\u00f6nnen direkt hochwertige Ausdrucke erhalten. Miete die Fotobox mit Sofortausdruck, um sicherzustellen, dass jeder Moment professionell festgehalten wird. Dank des sofortigen Ausdrucks entstehen bleibende Erinnerungen, die jeder mit nach Hause nehmen kann.<\/p>\n<p>Dar\u00fcber hinaus sorgt die Fotobox f\u00fcr zus\u00e4tzliche Unterhaltung: Sie animiert Deine G\u00e4ste, kreativ zu posieren, lustige Gesten auszuprobieren und in Gruppen Spa\u00df zu haben. Miete die Fotobox mit Sofortausdruck und verwandle Dein Event in ein unvergessliches Erlebnis voller Freude, Interaktion und stilvoller Highlights. So bleibt Dein Event noch lange im Ged\u00e4chtnis Deiner G\u00e4ste, und jeder Moment wird professionell und sofort festgehalten.<\/p>\n","protected":false},"excerpt":{"rendered":"<p><strong>Unvergessliche Momente festhalten: Fotobox mit Sofortausdruck mieten<\/strong><\/p>\n<p>Miete die Fotobox mit Sofortausdruck und sorge daf\u00fcr, dass Deine G\u00e4ste einzigartige Erinnerungen direkt mit nach Hause nehmen k\u00f6nnen. Die Fotobox ist einfach zu bedienen und bietet hochwertige Ausdrucke auf Knopfdruck, ideal f\u00fcr Hochzeiten, Geburtstagsfeiern, Firmen-Events oder Galas in S\u00fcddeutschland, der Schweiz und \u00d6sterreich.<\/p>\n<p>Mit der Fotobox werden Spa\u00df und Interaktion garantiert: Deine G\u00e4ste k\u00f6nnen kreativ posieren, lachen und die Ausdrucke sofort als Andenken mitnehmen. Miete die Fotobox mit Sofortausdruck und verwandle Dein Event in ein unvergessliches Erlebnis voller Freude, Erinnerungen und stylischer Highlights.<\/p>\n","protected":false},"featured_media":107259,"template":"","meta":{"_acf_changed":false},"product_brand":[],"product_cat":[1047],"product_tag":[],"class_list":{"0":"post-17937","1":"product","2":"type-product","3":"status-publish","4":"has-post-thumbnail","6":"product_cat-fotospiegel-fotobox-en","7":"product_shipping_class-spdition","8":"location-standort-sued-en","10":"first","11":"instock","12":"shipping-taxable","13":"purchasable","14":"product-type-rentable"},"acf":[],"_links":{"self":[{"href":"https:\/\/vonrock.de\/en\/wp-json\/wp\/v2\/product\/17937","targetHints":{"allow":["GET"]}}],"collection":[{"href":"https:\/\/vonrock.de\/en\/wp-json\/wp\/v2\/product"}],"about":[{"href":"https:\/\/vonrock.de\/en\/wp-json\/wp\/v2\/types\/product"}],"version-history":[{"count":3,"href":"https:\/\/vonrock.de\/en\/wp-json\/wp\/v2\/product\/17937\/revisions"}],"predecessor-version":[{"id":112620,"href":"https:\/\/vonrock.de\/en\/wp-json\/wp\/v2\/product\/17937\/revisions\/112620"}],"wp:featuredmedia":[{"embeddable":true,"href":"https:\/\/vonrock.de\/en\/wp-json\/wp\/v2\/media\/107259"}],"wp:attachment":[{"href":"https:\/\/vonrock.de\/en\/wp-json\/wp\/v2\/media?parent=17937"}],"wp:term":[{"taxonomy":"product_brand","embeddable":true,"href":"https:\/\/vonrock.de\/en\/wp-json\/wp\/v2\/product_brand?post=17937"},{"taxonomy":"product_cat","embeddable":true,"href":"https:\/\/vonrock.de\/en\/wp-json\/wp\/v2\/product_cat?post=17937"},{"taxonomy":"product_tag","embeddable":true,"href":"https:\/\/vonrock.de\/en\/wp-json\/wp\/v2\/product_tag?post=17937"}],"curies":[{"name":"wp","href":"https:\/\/api.w.org\/{rel}","templated":true}]}}