{"id":17970,"date":"2025-07-31T15:47:56","date_gmt":"2025-07-31T13:47:56","guid":{"rendered":"https:\/\/vonrock.de\/shop\/uncategorized\/3-flammiger-fairy-drape-kronleuchter-h-50cm-x-%e2%8c%80-40cm-inkl-staender-h-100cm-x-70cm\/"},"modified":"2026-03-30T18:24:37","modified_gmt":"2026-03-30T16:24:37","slug":"3-flammiger-fairy-drape-kronleuchter-h-50cm-x-%e2%8c%80-40cm-inkl-staender-h-100cm-x-70cm","status":"publish","type":"product","link":"https:\/\/vonrock.de\/en\/shop\/beleuchtung-en\/kronleuchter-en\/3-flammiger-fairy-drape-kronleuchter-h-50cm-x-%e2%8c%80-40cm-inkl-staender-h-100cm-x-70cm\/","title":{"rendered":"3-Flammiger Fairy Drape Kronleuchter H 50cm x \u2300 40cm inkl. St\u00e4nder H 100cm x 70cm"},"content":{"rendered":"<p><strong>3-Flammiger Fairy Drape Kronleuchter mieten \u2013 zauberhafte Beleuchtung f\u00fcr Dein Event<\/strong><\/p>\n<p>Miete diesen 3-flammigen Fairy Drape Kronleuchter inklusive St\u00e4nder (H 100 cm x \u00d8 70 cm) und verleihe Deinem Event ein romantisches, elegantes Ambiente. Mit einer Kronleuchter-H\u00f6he von 50 cm und einem Durchmesser von 40 cm ist er das perfekte Highlight f\u00fcr Tische, Lounges oder intime Eventbereiche.<\/p>\n<p>Die sanften Lichter und das filigrane Design schaffen eine warme, einladende Atmosph\u00e4re und setzen stilvolle Akzente bei Hochzeiten, Galas, Dinner-Events oder privaten Feiern. Dank des stabilen St\u00e4nders l\u00e4sst sich der Kronleuchter flexibel \u00fcberall aufstellen und sorgt sofort f\u00fcr magische Stimmung.<\/p>\n<p>Jetzt den 3-flammigen Fairy Drape Kronleuchter mieten und Deinem Event mit elegantem Licht das gewisse Etwas verleihen!<\/p>\n<table border=\"1\">\n<tbody>\n<tr>\n<td><span style=\"vertical-align: inherit;\"><span style=\"vertical-align: inherit;\">Produktname<\/span><\/span><\/td>\n<td>3-Flammiger Fairy Drape Kronleuchter H 50cm x \u2300 40cm inkl. St\u00e4nder H 100cm x 70cm<\/td>\n<\/tr>\n<tr>\n<td>Abmessungen<\/td>\n<td>40x100x40 cm<\/td>\n<\/tr>\n<tr>\n<td>Gewicht<\/td>\n<td>10 kg<\/td>\n<\/tr>\n<\/tbody>\n<\/table>\n<p><strong>Hinweis zur Nutzung im Au\u00dfenbereich:<\/strong><br \/>Unsere Kronleuchter sind f\u00fcr den Einsatz bei trockenem Wetter vorgesehen. Bei Regen oder erh\u00f6hter Feuchtigkeit muss der Kronleuchter rechtzeitig gesch\u00fctzt bzw. abgedeckt werden, um Sch\u00e4den durch Wasser zu vermeiden.<\/p>\n","protected":false},"excerpt":{"rendered":"<p><strong>3-Flammiger Fairy Drape Kronleuchter mieten \u2013 zauberhafte Beleuchtung<\/strong><\/p>\n<p>Miete den 3-flammigen Fairy Drape Kronleuchter inkl. St\u00e4nder (H 100 cm x \u00d8 70 cm) und setze stilvolle Lichtakzente auf Deinem Event. Mit 50 cm H\u00f6he und 40 cm Durchmesser schafft er eine warme, elegante Atmosph\u00e4re \u2013 ideal f\u00fcr Hochzeiten, Galas oder Dinner-Events. Jetzt Kronleuchter mieten und Dein Event verzaubern!<\/p>\n","protected":false},"featured_media":107353,"template":"","meta":{"_acf_changed":false},"product_brand":[],"product_cat":[1027],"product_tag":[],"class_list":{"0":"post-17970","1":"product","2":"type-product","3":"status-publish","4":"has-post-thumbnail","6":"product_cat-kronleuchter-en","7":"location-standort-sued-en","8":"location-standort-nord-en","10":"first","11":"instock","12":"shipping-taxable","13":"purchasable","14":"product-type-rentable"},"acf":[],"_links":{"self":[{"href":"https:\/\/vonrock.de\/en\/wp-json\/wp\/v2\/product\/17970","targetHints":{"allow":["GET"]}}],"collection":[{"href":"https:\/\/vonrock.de\/en\/wp-json\/wp\/v2\/product"}],"about":[{"href":"https:\/\/vonrock.de\/en\/wp-json\/wp\/v2\/types\/product"}],"version-history":[{"count":2,"href":"https:\/\/vonrock.de\/en\/wp-json\/wp\/v2\/product\/17970\/revisions"}],"predecessor-version":[{"id":112667,"href":"https:\/\/vonrock.de\/en\/wp-json\/wp\/v2\/product\/17970\/revisions\/112667"}],"wp:featuredmedia":[{"embeddable":true,"href":"https:\/\/vonrock.de\/en\/wp-json\/wp\/v2\/media\/107353"}],"wp:attachment":[{"href":"https:\/\/vonrock.de\/en\/wp-json\/wp\/v2\/media?parent=17970"}],"wp:term":[{"taxonomy":"product_brand","embeddable":true,"href":"https:\/\/vonrock.de\/en\/wp-json\/wp\/v2\/product_brand?post=17970"},{"taxonomy":"product_cat","embeddable":true,"href":"https:\/\/vonrock.de\/en\/wp-json\/wp\/v2\/product_cat?post=17970"},{"taxonomy":"product_tag","embeddable":true,"href":"https:\/\/vonrock.de\/en\/wp-json\/wp\/v2\/product_tag?post=17970"}],"curies":[{"name":"wp","href":"https:\/\/api.w.org\/{rel}","templated":true}]}}