{"id":17974,"date":"2025-07-31T15:47:55","date_gmt":"2025-07-31T13:47:55","guid":{"rendered":"https:\/\/vonrock.de\/shop\/uncategorized\/neon-schriftzug-to-the-moon-and-back-150cm\/"},"modified":"2026-01-28T15:52:31","modified_gmt":"2026-01-28T14:52:31","slug":"neon-schriftzug-to-the-moon-and-back-150cm","status":"publish","type":"product","link":"https:\/\/vonrock.de\/en\/shop\/beleuchtung-en\/neon-schriftzuege-en\/neon-schriftzug-to-the-moon-and-back-150cm\/","title":{"rendered":"Neon Schriftzug &#8220;To the moon and back&#8221;, 150cm"},"content":{"rendered":"<p><strong>Neon Schriftzug &#8220;To the Moon and Back&#8221; (150 cm) mieten \u2013 das gro\u00dfe Liebes-Highlight f\u00fcr dein Event<\/strong><\/p>\n<p>Mit unserem beeindruckenden Neon Schriftzug &#8220;To the Moon and Back&#8221; in 150 cm Gr\u00f6\u00dfe bringst du eine kraftvolle Botschaft der Liebe und Verbundenheit auf dein Event. Ob Hochzeit, Verlobung, Jubil\u00e4um oder besondere Feier \u2013 dieser leuchtende Eyecatcher setzt deine Gef\u00fchle stilvoll in Szene und sorgt f\u00fcr eine unvergessliche Atmosph\u00e4re.<\/p>\n<p>Das warme Neonlicht zieht alle Blicke auf sich und eignet sich perfekt als Fotohintergrund, \u00fcber dem Sweet Table oder als markantes Deko-Element. Dank der gro\u00dfz\u00fcgigen Gr\u00f6\u00dfe wird der Schriftzug zum absoluten Blickfang und verleiht deiner Location eine besondere Note.<\/p>\n<p>Du kannst den Schriftzug ganz unkompliziert mieten und sofort einsetzen \u2013 f\u00fcr Momente, die von Herzen kommen und noch lange in Erinnerung bleiben. Mach dein Event einzigartig \u2013 miete jetzt den Neon Schriftzug &#8220;To the Moon and Back&#8221; und lass deine Liebe leuchten!<\/p>\n<table border=\"1\">\n<tbody>\n<tr>\n<td><span style=\"vertical-align: inherit;\"><span style=\"vertical-align: inherit;\">Produktname<\/span><\/span><\/td>\n<td>Neon Schriftzug &#8220;To the moon and back&#8221;, 150cm<\/td>\n<\/tr>\n<tr>\n<td>Abmessungen<\/td>\n<td>150&#215;130 cm<\/td>\n<\/tr>\n<\/tbody>\n<tbody>\n<tr>\n<td>Verlust \/ Besch\u00e4digung<\/td>\n<td>600\u20ac<\/td>\n<\/tr>\n<tr>\n<td>Leuchtfarbe<\/td>\n<td>Warmwei\u00df<\/td>\n<\/tr>\n<\/tbody>\n<\/table>\n","protected":false},"excerpt":{"rendered":"<p><strong>Neon Schriftzug &#8220;To the Moon and Back&#8221; (150 cm) mieten \u2013 das gro\u00dfe Liebes-Highlight<\/strong><\/p>\n<p>Setze mit dem 150 cm gro\u00dfen Neon Schriftzug &#8220;To the Moon and Back&#8221; ein leuchtendes Zeichen der Liebe auf deiner Hochzeit oder Feier. Perfekt als Deko oder Fotohintergrund \u2013 einfach mieten, aufstellen und unvergessliche Momente schaffen!<\/p>\n","protected":false},"featured_media":0,"template":"","meta":{"_acf_changed":false},"product_brand":[],"product_cat":[1038],"product_tag":[1136],"class_list":{"0":"post-17974","1":"product","2":"type-product","3":"status-publish","5":"product_cat-neon-schriftzuege-en","6":"product_tag-hamburg-lueneburg","7":"product_shipping_class-spdition","8":"location-standort-sued-en","10":"first","11":"instock","12":"shipping-taxable","13":"purchasable","14":"product-type-rentable"},"acf":[],"_links":{"self":[{"href":"https:\/\/vonrock.de\/en\/wp-json\/wp\/v2\/product\/17974","targetHints":{"allow":["GET"]}}],"collection":[{"href":"https:\/\/vonrock.de\/en\/wp-json\/wp\/v2\/product"}],"about":[{"href":"https:\/\/vonrock.de\/en\/wp-json\/wp\/v2\/types\/product"}],"version-history":[{"count":1,"href":"https:\/\/vonrock.de\/en\/wp-json\/wp\/v2\/product\/17974\/revisions"}],"predecessor-version":[{"id":101760,"href":"https:\/\/vonrock.de\/en\/wp-json\/wp\/v2\/product\/17974\/revisions\/101760"}],"wp:attachment":[{"href":"https:\/\/vonrock.de\/en\/wp-json\/wp\/v2\/media?parent=17974"}],"wp:term":[{"taxonomy":"product_brand","embeddable":true,"href":"https:\/\/vonrock.de\/en\/wp-json\/wp\/v2\/product_brand?post=17974"},{"taxonomy":"product_cat","embeddable":true,"href":"https:\/\/vonrock.de\/en\/wp-json\/wp\/v2\/product_cat?post=17974"},{"taxonomy":"product_tag","embeddable":true,"href":"https:\/\/vonrock.de\/en\/wp-json\/wp\/v2\/product_tag?post=17974"}],"curies":[{"name":"wp","href":"https:\/\/api.w.org\/{rel}","templated":true}]}}