{"id":17979,"date":"2025-07-31T15:47:54","date_gmt":"2025-07-31T13:47:54","guid":{"rendered":"https:\/\/vonrock.de\/shop\/uncategorized\/audio-gaestebuch-mieten\/"},"modified":"2026-01-09T17:57:13","modified_gmt":"2026-01-09T16:57:13","slug":"audio-gaestebuch-mieten","status":"publish","type":"product","link":"https:\/\/vonrock.de\/en\/shop\/fotobox-en\/audio-gaestebuch-en\/audio-gaestebuch-mieten\/","title":{"rendered":"Audio G\u00e4stebuch mieten"},"content":{"rendered":"<p><strong>Pers\u00f6nliche Erinnerungen festhalten: Audio G\u00e4stebuch mieten<\/strong><\/p>\n<p>Miete das Audio G\u00e4stebuch und erm\u00f6gliche Deinen G\u00e4sten, pers\u00f6nliche Gr\u00fc\u00dfe, W\u00fcnsche oder kleine Botschaften direkt aufzunehmen \u2013 ein interaktives Highlight, das Dein Event unvergesslich macht. Ob auf Hochzeiten, Geburtstagsfeiern, Firmen-Events, Jubil\u00e4en oder Galas in S\u00fcddeutschland, der Schweiz und \u00d6sterreich, mit dem Audio G\u00e4stebuch schaffst Du emotionale Momente, die weit \u00fcber den Tag hinaus bestehen bleiben.<\/p>\n<p>Die Handhabung ist einfach und intuitiv: Deine G\u00e4ste sprechen ihre Botschaften direkt in das G\u00e4stebuch, und Du erh\u00e4ltst nach dem Event alle Aufnahmen gesammelt. So entstehen einzigartige, pers\u00f6nliche Erinnerungen, die Du jederzeit anh\u00f6ren oder teilen kannst. Miete das Audio G\u00e4stebuch, um Deinem Event eine individuelle, kreative und emotionale Note zu verleihen.<\/p>\n<p>Das Audio G\u00e4stebuch ist nicht nur ein Highlight f\u00fcr Deine G\u00e4ste, sondern auch eine bleibende Erinnerung f\u00fcr Dich. Miete das Audio G\u00e4stebuch und sorge daf\u00fcr, dass Dein Event interaktiv, pers\u00f6nlich und stilvoll in Erinnerung bleibt. So hinterl\u00e4sst Du bei Deinen G\u00e4sten bleibende Eindr\u00fccke und kannst wertvolle Momente f\u00fcr die Ewigkeit bewahren.<\/p>\n","protected":false},"excerpt":{"rendered":"<p><strong>Einzigartige Erinnerungen festhalten: Audio G\u00e4stebuch mieten<\/strong><\/p>\n<p>Miete das Audio G\u00e4stebuch und erm\u00f6gliche Deinen G\u00e4sten, pers\u00f6nliche Gr\u00fc\u00dfe, W\u00fcnsche und Botschaften direkt aufzunehmen. So entstehen bleibende Erinnerungen, die Dein Event unvergesslich machen. Ob Hochzeiten, Geburtstagsfeiern, Firmen-Events oder Jubil\u00e4en in S\u00fcddeutschland, der Schweiz und \u00d6sterreich \u2013 das Audio G\u00e4stebuch sorgt f\u00fcr interaktive Highlights und emotionale Momente.<\/p>\n<p>Mit dem Audio G\u00e4stebuch k\u00f6nnen Deine G\u00e4ste ihre Gr\u00fc\u00dfe kreativ festhalten, w\u00e4hrend Du die Aufnahmen sp\u00e4ter als wertvolle Erinnerung beh\u00e4ltst. Miete das Audio G\u00e4stebuch und kreiere eine besondere, pers\u00f6nliche Atmosph\u00e4re, die Dein Event stilvoll und unvergesslich macht.<\/p>\n","protected":false},"featured_media":107262,"template":"","meta":{"_acf_changed":false},"product_brand":[],"product_cat":[1046],"product_tag":[],"class_list":{"0":"post-17979","1":"product","2":"type-product","3":"status-publish","4":"has-post-thumbnail","6":"product_cat-audio-gaestebuch-en","7":"location-standort-sued-en","9":"first","10":"instock","11":"shipping-taxable","12":"purchasable","13":"product-type-rentable"},"acf":[],"_links":{"self":[{"href":"https:\/\/vonrock.de\/en\/wp-json\/wp\/v2\/product\/17979","targetHints":{"allow":["GET"]}}],"collection":[{"href":"https:\/\/vonrock.de\/en\/wp-json\/wp\/v2\/product"}],"about":[{"href":"https:\/\/vonrock.de\/en\/wp-json\/wp\/v2\/types\/product"}],"version-history":[{"count":2,"href":"https:\/\/vonrock.de\/en\/wp-json\/wp\/v2\/product\/17979\/revisions"}],"predecessor-version":[{"id":105207,"href":"https:\/\/vonrock.de\/en\/wp-json\/wp\/v2\/product\/17979\/revisions\/105207"}],"wp:featuredmedia":[{"embeddable":true,"href":"https:\/\/vonrock.de\/en\/wp-json\/wp\/v2\/media\/107262"}],"wp:attachment":[{"href":"https:\/\/vonrock.de\/en\/wp-json\/wp\/v2\/media?parent=17979"}],"wp:term":[{"taxonomy":"product_brand","embeddable":true,"href":"https:\/\/vonrock.de\/en\/wp-json\/wp\/v2\/product_brand?post=17979"},{"taxonomy":"product_cat","embeddable":true,"href":"https:\/\/vonrock.de\/en\/wp-json\/wp\/v2\/product_cat?post=17979"},{"taxonomy":"product_tag","embeddable":true,"href":"https:\/\/vonrock.de\/en\/wp-json\/wp\/v2\/product_tag?post=17979"}],"curies":[{"name":"wp","href":"https:\/\/api.w.org\/{rel}","templated":true}]}}