{"id":17980,"date":"2025-07-31T15:47:54","date_gmt":"2025-07-31T13:47:54","guid":{"rendered":"https:\/\/vonrock.de\/shop\/uncategorized\/neon-schriftzug-love-made-us-do-it\/"},"modified":"2025-12-14T18:48:51","modified_gmt":"2025-12-14T17:48:51","slug":"neon-schriftzug-love-made-us-do-it","status":"publish","type":"product","link":"https:\/\/vonrock.de\/en\/shop\/beleuchtung-en\/neon-schriftzuege-en\/neon-schriftzug-love-made-us-do-it\/","title":{"rendered":"Neon Schriftzug &#8220;Love made us do it&#8221;"},"content":{"rendered":"<p><strong>Neon Schriftzug &#8220;Love Made Us Do It&#8221; mieten \u2013 frech, modern und voller Herz<\/strong><\/p>\n<p>Du willst deinem Event eine besondere, unvergessliche Note verleihen? Dann ist unser Neon Schriftzug &#8220;Love Made Us Do It&#8221; genau das richtige Highlight f\u00fcr dich. Ob Hochzeit, Verlobung, Junggesellenabschied oder stylishe Party \u2013 mit diesem Schriftzug setzt du ein freches, liebevolles Statement, das sofort Aufmerksamkeit erregt und f\u00fcr gute Laune sorgt.<\/p>\n<p>Das warme Neonlicht bringt nicht nur eine moderne und verspielte Atmosph\u00e4re, sondern macht deinen Eventort auch zum perfekten Hintergrund f\u00fcr Fotos, die in Erinnerung bleiben. Ob \u00fcber der Bar, an der Wand oder als Eye-Catcher in der Fotobox \u2013 dieser Schriftzug bringt Charme und Pers\u00f6nlichkeit in jede Feier.<\/p>\n<p>Du kannst den Schriftzug unkompliziert mieten, schnell aufbauen und sofort nutzen. So bleibt dir mehr Zeit, dein Event in vollen Z\u00fcgen zu genie\u00dfen. Mit &#8220;Love Made Us Do It&#8221; zeigst du spielerisch, dass die Liebe der Grund f\u00fcr all die besonderen Momente ist \u2013 und sorgst gleichzeitig f\u00fcr einen echten Hingucker.<\/p>\n<p>Mach dein Event einzigartig und strahle zusammen mit diesem Neon-Schriftzug voller Liebe und Spa\u00df. Jetzt mieten und die Liebe leuchten lassen!<\/p>\n<table border=\"1\">\n<tbody>\n<tr>\n<td><span style=\"vertical-align: inherit;\"><span style=\"vertical-align: inherit;\">Produktname<\/span><\/span><\/td>\n<td>Neon Schriftzug &#8220;Love made us do it&#8221;<\/td>\n<\/tr>\n<tr>\n<td>Abmessungen<\/td>\n<td>Durchmesser: 100 cm<\/td>\n<\/tr>\n<\/tbody>\n<tbody>\n<tr>\n<td>Verlust \/ Besch\u00e4digung<\/td>\n<td>600\u20ac<\/td>\n<\/tr>\n<tr>\n<td>Leuchtfarbe<\/td>\n<td>Wei\u00df<\/td>\n<\/tr>\n<tr>\n<td>Gewicht<\/td>\n<td>14,2 kg<\/td>\n<\/tr>\n<\/tbody>\n<\/table>\n","protected":false},"excerpt":{"rendered":"<p><strong>Neon Schriftzug &#8220;Love Made Us Do It&#8221; mieten \u2013 das perfekte Highlight f\u00fcr dein Event<\/strong><\/p>\n<p>Setze ein freches und liebevolles Statement mit dem Neon Schriftzug &#8220;Love Made Us Do It&#8221; \u2013 ideal f\u00fcr Hochzeiten, Verlobungen, Partys oder coole Fotoshootings. Das warme Neonlicht bringt eine verspielte, moderne Atmosph\u00e4re und wird garantiert zum Hingucker auf deiner Feier. Ob als Hintergrund f\u00fcr deine Fotos oder als stylisches Deko-Element, der Schriftzug sorgt f\u00fcr gute Stimmung und unvergessliche Momente.<\/p>\n<p>Du kannst ihn ganz einfach mieten und sofort einsetzen \u2013 f\u00fcr ein Event, das genauso besonders ist wie eure Geschichte. Miete jetzt &#8220;Love Made Us Do It&#8221; und lass die Liebe leuchten!<\/p>\n","protected":false},"featured_media":0,"template":"","meta":{"_acf_changed":false},"product_brand":[],"product_cat":[1038],"product_tag":[],"class_list":{"0":"post-17980","1":"product","2":"type-product","3":"status-publish","5":"product_cat-neon-schriftzuege-en","6":"product_shipping_class-spdition","7":"location-standort-sued-en","8":"location-standort-nord-en","10":"first","11":"instock","12":"shipping-taxable","13":"purchasable","14":"product-type-rentable"},"acf":[],"_links":{"self":[{"href":"https:\/\/vonrock.de\/en\/wp-json\/wp\/v2\/product\/17980","targetHints":{"allow":["GET"]}}],"collection":[{"href":"https:\/\/vonrock.de\/en\/wp-json\/wp\/v2\/product"}],"about":[{"href":"https:\/\/vonrock.de\/en\/wp-json\/wp\/v2\/types\/product"}],"version-history":[{"count":1,"href":"https:\/\/vonrock.de\/en\/wp-json\/wp\/v2\/product\/17980\/revisions"}],"predecessor-version":[{"id":101758,"href":"https:\/\/vonrock.de\/en\/wp-json\/wp\/v2\/product\/17980\/revisions\/101758"}],"wp:attachment":[{"href":"https:\/\/vonrock.de\/en\/wp-json\/wp\/v2\/media?parent=17980"}],"wp:term":[{"taxonomy":"product_brand","embeddable":true,"href":"https:\/\/vonrock.de\/en\/wp-json\/wp\/v2\/product_brand?post=17980"},{"taxonomy":"product_cat","embeddable":true,"href":"https:\/\/vonrock.de\/en\/wp-json\/wp\/v2\/product_cat?post=17980"},{"taxonomy":"product_tag","embeddable":true,"href":"https:\/\/vonrock.de\/en\/wp-json\/wp\/v2\/product_tag?post=17980"}],"curies":[{"name":"wp","href":"https:\/\/api.w.org\/{rel}","templated":true}]}}