{"id":17989,"date":"2025-07-31T15:47:53","date_gmt":"2025-07-31T13:47:53","guid":{"rendered":"https:\/\/vonrock.de\/shop\/uncategorized\/neon-schriftzug-i-was-made-for-loving-you-baby\/"},"modified":"2025-12-14T18:48:31","modified_gmt":"2025-12-14T17:48:31","slug":"neon-schriftzug-i-was-made-for-loving-you-baby","status":"publish","type":"product","link":"https:\/\/vonrock.de\/en\/shop\/beleuchtung-en\/neon-schriftzuege-en\/neon-schriftzug-i-was-made-for-loving-you-baby\/","title":{"rendered":"Neon Schriftzug &#8220;I was made for loving you, baby.&#8221;"},"content":{"rendered":"<p><strong>Schaffe eine unvergessliche Atmosph\u00e4re auf deiner Hochzeit oder Veranstaltung!<\/strong><br \/>Unser Neon-Sign ist einfach zu installieren und hat mehrere Aufh\u00e4ngepunkte, so dass du es ganz nach deinem Geschmack befestigen kannst. Eine Nylonschnur eignet sich beispielsweise hervorragend zur Befestigung.<\/p>\n<p>Und das Beste daran: Du kannst unser Neon-Sign bequem per Post erhalten und nach Ende der Mietzeit einfach zur\u00fccksenden. So kannst du ohne Aufwand und Stress das perfekte Deko-Element f\u00fcr deine Hochzeit genie\u00dfen.<\/p>\n<p>Verzaubere deine G\u00e4ste mit unserem \u201cI was made for loving you, baby\u201d Neon-Sign und erlebe eine unvergessliche Hochzeit, an die du und deine G\u00e4ste noch lange zur\u00fcckdenken werden. Bestelle jetzt und mache deine Hochzeit zu einem einzigartigen Erlebnis!<\/p>\n<table border=\"1\">\n<tbody>\n<tr>\n<td><span style=\"vertical-align: inherit;\"><span style=\"vertical-align: inherit;\">Produktname<\/span><\/span><\/td>\n<td>Neon Schriftzug &#8220;I was made for loving you, baby.&#8221;<\/td>\n<\/tr>\n<tr>\n<td>Abmessungen<\/td>\n<td>80cm breite \/ 62cm hoch<\/td>\n<\/tr>\n<\/tbody>\n<tbody>\n<tr>\n<td>Verlust \/ Besch\u00e4digung<\/td>\n<td>300\u20ac<\/td>\n<\/tr>\n<tr>\n<td>Gewicht<\/td>\n<td>6,2 kg<\/td>\n<\/tr>\n<\/tbody>\n<\/table>\n","protected":false},"excerpt":{"rendered":"<p><strong>Neon Sign mieten<\/strong><br \/>Du planst eine Hochzeit und suchst noch nach dem perfekten Deko-Element, um deine G\u00e4ste zu verzaubern? Dann haben wir genau das Richtige f\u00fcr dich \u2013 unser \u201cI was made for loving you, baby\u201d Neon-Sign!<\/p>\n<p>Dieses atemberaubende Neon-Sign wird das Herz deiner G\u00e4ste h\u00f6her schlagen lassen und deine Hochzeit unvergesslich machen. Die warmwei\u00dfe Farbe und die imposante Gr\u00f6\u00dfe von 800cm Breite und 620cm H\u00f6he werden garantiert zum Blickfang deiner Veranstaltung.<\/p>\n","protected":false},"featured_media":101803,"template":"","meta":{"_acf_changed":false},"product_brand":[],"product_cat":[1038],"product_tag":[],"class_list":{"0":"post-17989","1":"product","2":"type-product","3":"status-publish","4":"has-post-thumbnail","6":"product_cat-neon-schriftzuege-en","7":"product_shipping_class-paket","8":"location-standort-sued-en","9":"location-standort-nord-en","11":"first","12":"instock","13":"shipping-taxable","14":"purchasable","15":"product-type-rentable"},"acf":[],"_links":{"self":[{"href":"https:\/\/vonrock.de\/en\/wp-json\/wp\/v2\/product\/17989","targetHints":{"allow":["GET"]}}],"collection":[{"href":"https:\/\/vonrock.de\/en\/wp-json\/wp\/v2\/product"}],"about":[{"href":"https:\/\/vonrock.de\/en\/wp-json\/wp\/v2\/types\/product"}],"version-history":[{"count":1,"href":"https:\/\/vonrock.de\/en\/wp-json\/wp\/v2\/product\/17989\/revisions"}],"predecessor-version":[{"id":101754,"href":"https:\/\/vonrock.de\/en\/wp-json\/wp\/v2\/product\/17989\/revisions\/101754"}],"wp:featuredmedia":[{"embeddable":true,"href":"https:\/\/vonrock.de\/en\/wp-json\/wp\/v2\/media\/101803"}],"wp:attachment":[{"href":"https:\/\/vonrock.de\/en\/wp-json\/wp\/v2\/media?parent=17989"}],"wp:term":[{"taxonomy":"product_brand","embeddable":true,"href":"https:\/\/vonrock.de\/en\/wp-json\/wp\/v2\/product_brand?post=17989"},{"taxonomy":"product_cat","embeddable":true,"href":"https:\/\/vonrock.de\/en\/wp-json\/wp\/v2\/product_cat?post=17989"},{"taxonomy":"product_tag","embeddable":true,"href":"https:\/\/vonrock.de\/en\/wp-json\/wp\/v2\/product_tag?post=17989"}],"curies":[{"name":"wp","href":"https:\/\/api.w.org\/{rel}","templated":true}]}}