{"id":17990,"date":"2025-07-31T15:47:53","date_gmt":"2025-07-31T13:47:53","guid":{"rendered":"https:\/\/vonrock.de\/shop\/uncategorized\/neon-schriftzug-will-you-marry-me\/"},"modified":"2025-12-14T18:48:31","modified_gmt":"2025-12-14T17:48:31","slug":"neon-schriftzug-will-you-marry-me","status":"publish","type":"product","link":"https:\/\/vonrock.de\/en\/shop\/beleuchtung-en\/neon-schriftzuege-en\/neon-schriftzug-will-you-marry-me\/","title":{"rendered":"Neon Schriftzug &#8220;Will you Marry Me?&#8221;"},"content":{"rendered":"<p>Liebst du jemanden von ganzem Herzen und planst den Heiratsantrag deines Lebens? Dann haben wir das perfekte Accessoire f\u00fcr dich \u2013 unser \u201cWillst du mich heiraten?\u201d Neon-Sign!<\/p>\n<p>Unser atemberaubendes Neon-Sign wird das Herz deiner Liebsten h\u00f6her schlagen lassen und deinen Heiratsantrag unvergesslich machen. Es ist der ideale Begleiter f\u00fcr diesen besonderen Moment und wird sicherlich f\u00fcr eine unvergessliche Atmosph\u00e4re sorgen.<\/p>\n<p>Du kannst unser Neon-Sign bequem per Post erhalten und es ist einfach zu installieren. Und das Beste daran: Nach Ende der Mietzeit und erfolgreichem Heiratsantrag kannst du das Neon-Sign einfach zur\u00fccksenden.<\/p>\n<p>\u00dcberrasche deine Liebste oder deinen Liebsten mit unserem \u201cWillst du mich heiraten?\u201d Neon-Sign und erlebe den Moment, an den ihr euch ein Leben lang erinnern werdet.<\/p>\n<table border=\"1\">\n<tbody>\n<tr>\n<td><span style=\"vertical-align: inherit;\"><span style=\"vertical-align: inherit;\">Produktname<\/span><\/span><\/td>\n<td>Neon Schriftzug &#8220;Will you Marry Me?&#8221;<\/td>\n<\/tr>\n<tr>\n<td>Abmessungen<\/td>\n<td>WILL YOU: 80x38cm \/ MARRY ME: 100x50cm<\/td>\n<\/tr>\n<\/tbody>\n<tbody>\n<tr>\n<td>Verlust \/ Besch\u00e4digung<\/td>\n<td>500\u20ac<\/td>\n<\/tr>\n<tr>\n<td>Gewicht<\/td>\n<td>8 kg<\/td>\n<\/tr>\n<tr>\n<td>Besonderheiten<\/td>\n<td>Das Neon-Sign besteht aus 2 Teilen und l\u00e4sst sich individuell aufh\u00e4ngen. Teil 1: &#8220;Will You&#8221; \/ Teil 2: &#8220;Marry Me&#8221;<\/td>\n<\/tr>\n<\/tbody>\n<\/table>\n","protected":false},"excerpt":{"rendered":"<p><strong>Neon Schriftzug &#8220;Will you Marry Me?&#8221; \u2013 Der leuchtende Moment f\u00fcr Deinen Antrag zum Mieten<\/strong><\/p>\n<p>Du planst den perfekten Heiratsantrag und suchst noch nach dem ganz besonderen Highlight? Unser Neon Schriftzug &#8220;Will you Marry Me?&#8221; verleiht Deinem Antrag eine unvergessliche, emotionale Kulisse. In stilvollem, warmem Licht setzt er ein romantisches Statement und sorgt f\u00fcr einen echten G\u00e4nsehautmoment. Ob im Freien, zu Hause oder an einem besonderen Ort \u2013 dieser Schriftzug macht Deinen Antrag einzigartig. Miete jetzt den Neon Schriftzug &#8220;Will you Marry Me?&#8221; und lass Deinen gro\u00dfen Moment in besonderem Licht erstrahlen.<\/p>\n","protected":false},"featured_media":101821,"template":"","meta":{"_acf_changed":false},"product_brand":[],"product_cat":[1038],"product_tag":[],"class_list":{"0":"post-17990","1":"product","2":"type-product","3":"status-publish","4":"has-post-thumbnail","6":"product_cat-neon-schriftzuege-en","7":"product_shipping_class-paket","8":"location-standort-sued-en","9":"location-standort-nord-en","11":"first","12":"instock","13":"shipping-taxable","14":"purchasable","15":"product-type-rentable"},"acf":[],"_links":{"self":[{"href":"https:\/\/vonrock.de\/en\/wp-json\/wp\/v2\/product\/17990","targetHints":{"allow":["GET"]}}],"collection":[{"href":"https:\/\/vonrock.de\/en\/wp-json\/wp\/v2\/product"}],"about":[{"href":"https:\/\/vonrock.de\/en\/wp-json\/wp\/v2\/types\/product"}],"version-history":[{"count":1,"href":"https:\/\/vonrock.de\/en\/wp-json\/wp\/v2\/product\/17990\/revisions"}],"predecessor-version":[{"id":101756,"href":"https:\/\/vonrock.de\/en\/wp-json\/wp\/v2\/product\/17990\/revisions\/101756"}],"wp:featuredmedia":[{"embeddable":true,"href":"https:\/\/vonrock.de\/en\/wp-json\/wp\/v2\/media\/101821"}],"wp:attachment":[{"href":"https:\/\/vonrock.de\/en\/wp-json\/wp\/v2\/media?parent=17990"}],"wp:term":[{"taxonomy":"product_brand","embeddable":true,"href":"https:\/\/vonrock.de\/en\/wp-json\/wp\/v2\/product_brand?post=17990"},{"taxonomy":"product_cat","embeddable":true,"href":"https:\/\/vonrock.de\/en\/wp-json\/wp\/v2\/product_cat?post=17990"},{"taxonomy":"product_tag","embeddable":true,"href":"https:\/\/vonrock.de\/en\/wp-json\/wp\/v2\/product_tag?post=17990"}],"curies":[{"name":"wp","href":"https:\/\/api.w.org\/{rel}","templated":true}]}}