{"id":17992,"date":"2025-07-31T15:47:53","date_gmt":"2025-07-31T13:47:53","guid":{"rendered":"https:\/\/vonrock.de\/shop\/uncategorized\/holzwegweiser-individuell-beschriftet\/"},"modified":"2026-01-10T17:40:32","modified_gmt":"2026-01-10T16:40:32","slug":"holzwegweiser-individuell-beschriftet","status":"publish","type":"product","link":"https:\/\/vonrock.de\/en\/shop\/holzwegweiser-en\/holzwegweiser-individuell-beschriftet\/","title":{"rendered":"Holzwegweiser individuell beschriftet"},"content":{"rendered":"<p><strong>Individueller Wegweiser f\u00fcr Dein Event: Holzwegweiser mieten<\/strong><\/p>\n<p>Miete den Holzwegweiser individuell beschriftet und f\u00fchre Deine G\u00e4ste stilvoll durch Dein Event. Ob f\u00fcr Hochzeiten, Geburtstagsfeiern, Firmen-Events oder Jubil\u00e4en in S\u00fcddeutschland, der Schweiz und \u00d6sterreich \u2013 der Wegweiser aus Holz ist nicht nur praktisch, sondern auch ein dekoratives Highlight, das Deinem Event Pers\u00f6nlichkeit verleiht.<\/p>\n<p>Die M\u00f6glichkeit, den Wegweiser individuell zu beschriften, l\u00e4sst Dir kreative Freiheiten: Zeige Deinen G\u00e4sten den Weg zu Fotospots, Sitzbereichen, Bars oder besonderen Programmpunkten. Miete den Holzwegweiser individuell beschriftet, um Orientierung und Dekoration stilvoll zu verbinden und Deinem Event eine charmante, rustikale oder elegante Note zu geben.<\/p>\n<p>Mit dem Holzwegweiser mieten schaffst Du eine perfekte Kombination aus Funktionalit\u00e4t und dekorativem Flair. So hinterl\u00e4sst Du bei Deinen G\u00e4sten bleibende Eindr\u00fccke, sorgst f\u00fcr Struktur auf Deinem Event und setzt gleichzeitig ein liebevolles, individuelles Highlight, das Deinen G\u00e4sten den Weg weist.<\/p>\n","protected":false},"excerpt":{"rendered":"<p><strong>Holzwegweiser individuell beschriftet mieten<\/strong><\/p>\n<p>Miete den Holzwegweiser individuell beschriftet und leite Deine G\u00e4ste stilvoll durch Dein Event. Ideal f\u00fcr Hochzeiten, Geburtstagsfeiern oder Firmen-Events in S\u00fcddeutschland, der Schweiz und \u00d6sterreich. Praktisch, dekorativ und ein charmantes Highlight f\u00fcr Dein Event.<\/p>\n","protected":false},"featured_media":15970,"template":"","meta":{"_acf_changed":false},"product_brand":[],"product_cat":[1039],"product_tag":[],"class_list":{"0":"post-17992","1":"product","2":"type-product","3":"status-publish","4":"has-post-thumbnail","6":"product_cat-holzwegweiser-en","7":"location-standort-sued-en","9":"first","10":"instock","11":"shipping-taxable","12":"purchasable","13":"product-type-rentable"},"acf":[],"_links":{"self":[{"href":"https:\/\/vonrock.de\/en\/wp-json\/wp\/v2\/product\/17992","targetHints":{"allow":["GET"]}}],"collection":[{"href":"https:\/\/vonrock.de\/en\/wp-json\/wp\/v2\/product"}],"about":[{"href":"https:\/\/vonrock.de\/en\/wp-json\/wp\/v2\/types\/product"}],"version-history":[{"count":1,"href":"https:\/\/vonrock.de\/en\/wp-json\/wp\/v2\/product\/17992\/revisions"}],"predecessor-version":[{"id":105252,"href":"https:\/\/vonrock.de\/en\/wp-json\/wp\/v2\/product\/17992\/revisions\/105252"}],"wp:featuredmedia":[{"embeddable":true,"href":"https:\/\/vonrock.de\/en\/wp-json\/wp\/v2\/media\/15970"}],"wp:attachment":[{"href":"https:\/\/vonrock.de\/en\/wp-json\/wp\/v2\/media?parent=17992"}],"wp:term":[{"taxonomy":"product_brand","embeddable":true,"href":"https:\/\/vonrock.de\/en\/wp-json\/wp\/v2\/product_brand?post=17992"},{"taxonomy":"product_cat","embeddable":true,"href":"https:\/\/vonrock.de\/en\/wp-json\/wp\/v2\/product_cat?post=17992"},{"taxonomy":"product_tag","embeddable":true,"href":"https:\/\/vonrock.de\/en\/wp-json\/wp\/v2\/product_tag?post=17992"}],"curies":[{"name":"wp","href":"https:\/\/api.w.org\/{rel}","templated":true}]}}