{"id":17998,"date":"2025-07-31T15:47:52","date_gmt":"2025-07-31T13:47:52","guid":{"rendered":"https:\/\/vonrock.de\/shop\/uncategorized\/neon-schriftzug-cheers-to-love\/"},"modified":"2025-12-14T18:48:32","modified_gmt":"2025-12-14T17:48:32","slug":"neon-schriftzug-cheers-to-love","status":"publish","type":"product","link":"https:\/\/vonrock.de\/en\/shop\/beleuchtung-en\/neon-schriftzuege-en\/neon-schriftzug-cheers-to-love\/","title":{"rendered":"Neon Schriftzug &#8220;Cheers to love&#8221;"},"content":{"rendered":"<p><strong>Neon Sign f\u00fcr deine Bar<\/strong><br \/>Du m\u00f6chtest deine G\u00e4ste mit einer einzigartigen Bar-Experience \u00fcberraschen? Dann haben wir genau das Richtige f\u00fcr dich \u2013 unser \u201cCheers to love\u201d Neon-Sign f\u00fcr die mobile Bar oder Theke!<\/p>\n<p>Unser \u201cCheers to love\u201d Neon-Sign ist einfach zu installieren und hat mehrere Aufh\u00e4ngepunkte. Du kannst es ganz nach deinem Geschmack befestigen, beispielsweise mit einer Nylonschnur. So wird dein Neon-Sign perfekt in Szene gesetzt und wird zum Highlight deiner Veranstaltung.<\/p>\n<p>Du kannst unser Neon-Sign bequem per Post erhalten und nach Ende der Mietzeit einfach zur\u00fccksenden. So kannst du ohne Aufwand und Stress das perfekte Deko-Element f\u00fcr deine Hochzeit genie\u00dfen und dich auf das Wesentliche konzentrieren \u2013 deine Liebe zu feiern.<\/p>\n<p>\u00a0<br \/>Doch unser Neon-Sign eignet sich nicht nur f\u00fcr Hochzeiten. Auch auf anderen Veranstaltungen, wie Geburtstagsfeiern oder Firmenevents, kann es eingesetzt werden und schafft eine unvergessliche Atmosph\u00e4re.<\/p>\n<p>Bestelle jetzt unser \u201cCheers to love\u201d Neon-Sign und erlebe den Zauber des Neon-Lichts. Schaffe eine einzigartige Atmosph\u00e4re und lass deine Liebe strahlen. Mit unserem Neon-Sign wird deine Veranstaltung garantiert zu einem unvergesslichen Erlebnis!<br \/>\u00a0<br \/>Unser beeindruckendes Neon-Sign ist die perfekte Erg\u00e4nzung f\u00fcr deine Hochzeit und wird garantiert f\u00fcr Begeisterung sorgen. Mit einer warmwei\u00dfen Farbe und einer Gesamtgr\u00f6\u00dfe von 80cm Breite und 30cm H\u00f6he f\u00fcr das Wort \u201cCheers\u201d und 100cm Breite und 45cm H\u00f6he f\u00fcr das Wort \u201cto love\u201d, wird deine Bar in Neonlicht gl\u00e4nzen.<\/p>\n<table border=\"1\">\n<tbody>\n<tr>\n<td><span style=\"vertical-align: inherit;\"><span style=\"vertical-align: inherit;\">Produktname<\/span><\/span><\/td>\n<td>Neon Schriftzug &#8220;Cheers to love&#8221;<\/td>\n<\/tr>\n<\/tbody>\n<tbody>\n<tr>\n<td>Verlust \/ Besch\u00e4digung<\/td>\n<td>300\u20ac<\/td>\n<\/tr>\n<tr>\n<td>Gewicht<\/td>\n<td>6,5 kg<\/td>\n<\/tr>\n<tr>\n<td>Besonderheiten<\/td>\n<td>Neon Sign besteht aus zwei teilen: Mit einer warmwei\u00dfen Farbe und einer Gesamtgr\u00f6\u00dfe von 80cm Breite und 30cm H\u00f6he f\u00fcr das Wort &#8220;Cheers&#8221; und 100cm Breite und 45cm H\u00f6he f\u00fcr das Wort &#8220;to love&#8221;.<\/td>\n<\/tr>\n<\/tbody>\n<\/table>\n","protected":false},"excerpt":{"rendered":"<p><strong>&#8220;Cheers to Love&#8221; Neon Schriftzug mieten \u2013 F\u00fcr leuchtende Liebesmomente<\/strong><\/p>\n<p>Du willst deinem Event das gewisse Etwas verleihen? Mit dem Neon Schriftzug \u201eCheers to Love\u201c setzt du ein stylisches Highlight, das Liebe und Lebensfreude perfekt in Szene setzt. Ob bei Hochzeiten, Verlobungsfeiern oder romantischen Dinnerpartys \u2013 das warme Licht schafft eine einladende, emotionale Atmosph\u00e4re und eignet sich ideal als Fotospot oder Deko \u00fcber der Bar. Miete dir dieses leuchtende Statement ganz unkompliziert und mach deinen Tag noch unvergesslicher.<\/p>\n","protected":false},"featured_media":102020,"template":"","meta":{"_acf_changed":false},"product_brand":[],"product_cat":[1038],"product_tag":[],"class_list":{"0":"post-17998","1":"product","2":"type-product","3":"status-publish","4":"has-post-thumbnail","6":"product_cat-neon-schriftzuege-en","7":"product_shipping_class-paket","8":"location-standort-sued-en","9":"location-standort-nord-en","11":"first","12":"instock","13":"shipping-taxable","14":"purchasable","15":"product-type-rentable"},"acf":[],"_links":{"self":[{"href":"https:\/\/vonrock.de\/en\/wp-json\/wp\/v2\/product\/17998","targetHints":{"allow":["GET"]}}],"collection":[{"href":"https:\/\/vonrock.de\/en\/wp-json\/wp\/v2\/product"}],"about":[{"href":"https:\/\/vonrock.de\/en\/wp-json\/wp\/v2\/types\/product"}],"version-history":[{"count":1,"href":"https:\/\/vonrock.de\/en\/wp-json\/wp\/v2\/product\/17998\/revisions"}],"predecessor-version":[{"id":101997,"href":"https:\/\/vonrock.de\/en\/wp-json\/wp\/v2\/product\/17998\/revisions\/101997"}],"wp:featuredmedia":[{"embeddable":true,"href":"https:\/\/vonrock.de\/en\/wp-json\/wp\/v2\/media\/102020"}],"wp:attachment":[{"href":"https:\/\/vonrock.de\/en\/wp-json\/wp\/v2\/media?parent=17998"}],"wp:term":[{"taxonomy":"product_brand","embeddable":true,"href":"https:\/\/vonrock.de\/en\/wp-json\/wp\/v2\/product_brand?post=17998"},{"taxonomy":"product_cat","embeddable":true,"href":"https:\/\/vonrock.de\/en\/wp-json\/wp\/v2\/product_cat?post=17998"},{"taxonomy":"product_tag","embeddable":true,"href":"https:\/\/vonrock.de\/en\/wp-json\/wp\/v2\/product_tag?post=17998"}],"curies":[{"name":"wp","href":"https:\/\/api.w.org\/{rel}","templated":true}]}}